{"id":11432,"date":"2024-12-23T15:29:32","date_gmt":"2024-12-23T15:29:32","guid":{"rendered":"https:\/\/travelovermartina.com\/it\/?page_id=11432"},"modified":"2025-07-17T11:35:52","modified_gmt":"2025-07-17T11:35:52","slug":"su-di-me","status":"publish","type":"page","link":"https:\/\/travelovermartina.com\/it\/su-di-me\/","title":{"rendered":"Chi sono \/ Lascia una recensione"},"content":{"rendered":"\t\t<div data-elementor-type=\"wp-page\" data-elementor-id=\"11432\" class=\"elementor elementor-11432\" data-elementor-settings=\"{&quot;ha_cmc_init_switcher&quot;:&quot;no&quot;}\">\n\t\t\t\t\t\t<section class=\"elementor-section elementor-top-section elementor-element elementor-element-ec1b4ad elementor-section-boxed elementor-section-height-default elementor-section-height-default\" data-id=\"ec1b4ad\" data-element_type=\"section\" data-e-type=\"section\" data-settings=\"{&quot;_ha_eqh_enable&quot;:false}\">\n\t\t\t\t\t\t<div class=\"elementor-container elementor-column-gap-default\">\n\t\t\t\t\t<div class=\"elementor-column elementor-col-100 elementor-top-column elementor-element elementor-element-356c55a\" data-id=\"356c55a\" data-element_type=\"column\" data-e-type=\"column\">\n\t\t\t<div class=\"elementor-widget-wrap elementor-element-populated\">\n\t\t\t\t\t\t<div class=\"elementor-element elementor-element-f0658fd elementor-widget elementor-widget-heading\" data-id=\"f0658fd\" data-element_type=\"widget\" data-e-type=\"widget\" data-widget_type=\"heading.default\">\n\t\t\t\t<div class=\"elementor-widget-container\">\n\t\t\t\t\t<h2 class=\"elementor-heading-title elementor-size-default\">Come nasce Travelovermartina<\/h2>\t\t\t\t<\/div>\n\t\t\t\t<\/div>\n\t\t\t\t<section class=\"elementor-section elementor-inner-section elementor-element elementor-element-d11cb41 elementor-section-boxed elementor-section-height-default elementor-section-height-default\" data-id=\"d11cb41\" data-element_type=\"section\" data-e-type=\"section\" data-settings=\"{&quot;_ha_eqh_enable&quot;:false}\">\n\t\t\t\t\t\t<div class=\"elementor-container elementor-column-gap-default\">\n\t\t\t\t\t<div class=\"elementor-column elementor-col-100 elementor-inner-column elementor-element elementor-element-7a52a08\" data-id=\"7a52a08\" data-element_type=\"column\" data-e-type=\"column\">\n\t\t\t<div class=\"elementor-widget-wrap elementor-element-populated\">\n\t\t\t\t\t\t<div class=\"elementor-element elementor-element-3cdd92f elementor-widget elementor-widget-text-editor\" data-id=\"3cdd92f\" data-element_type=\"widget\" data-e-type=\"widget\" data-widget_type=\"text-editor.default\">\n\t\t\t\t<div class=\"elementor-widget-container\">\n\t\t\t\t\t\t\t\t\t<p>L\u2019idea di <strong>TraveLoverMartina<\/strong> \u00e8 nata da una passione infinita per i viaggi e dalla voglia di aiutare gli altri a scoprire il mondo senza spendere una fortuna. Dopo anni di ricerca di offerte per viaggi low-cost e di condivisione di consigli con amici e familiari, ho capito che potevo trasformare questa esperienza in qualcosa di pi\u00f9 grande.<\/p>\n<p><!-- \/wp:paragraph --><!-- wp:paragraph --><\/p>\n<p>Ho creato questo sito per chi, come me, ama esplorare nuove destinazioni, vivere esperienze uniche e trovare il miglior rapporto qualit\u00e0-prezzo. <strong>TraveloverMartina<\/strong> \u00e8 pensato per essere uno strumento facile, veloce e accessibile, capace di raccogliere in un unico posto tutte le offerte per voli, hotel, noleggi, crociere e tanto altro.<\/p>\n<p><!-- \/wp:paragraph --><!-- wp:paragraph --><\/p>\n<p>Il mio obiettivo \u00e8 dimostrare che viaggiare non deve essere un lusso, ma un\u2019opportunit\u00e0 per tutti. Ogni destinazione pu\u00f2 diventare un sogno realizzabile, e questo sito \u00e8 il punto di partenza per avventure che ricorderai per tutta la vita!<\/p><p>Martina.<\/p>\n<p><!-- \/wp:paragraph --><!-- wp:paragraph --><\/p>\n<p><\/p>\t\t\t\t\t\t\t\t<\/div>\n\t\t\t\t<\/div>\n\t\t\t\t<div class=\"elementor-element elementor-element-2b080a2 elementor-widget-divider--view-line elementor-widget elementor-widget-divider\" data-id=\"2b080a2\" data-element_type=\"widget\" data-e-type=\"widget\" data-widget_type=\"divider.default\">\n\t\t\t\t<div class=\"elementor-widget-container\">\n\t\t\t\t\t\t\t<div class=\"elementor-divider\">\n\t\t\t<span class=\"elementor-divider-separator\">\n\t\t\t\t\t\t<\/span>\n\t\t<\/div>\n\t\t\t\t\t\t<\/div>\n\t\t\t\t<\/div>\n\t\t\t\t<div class=\"elementor-element elementor-element-b6f0da6 elementor-widget elementor-widget-menu-anchor\" data-id=\"b6f0da6\" data-element_type=\"widget\" data-e-type=\"widget\" data-widget_type=\"menu-anchor.default\">\n\t\t\t\t<div class=\"elementor-widget-container\">\n\t\t\t\t\t\t\t<div class=\"elementor-menu-anchor\" id=\"RECENSIONE\"><\/div>\n\t\t\t\t\t\t<\/div>\n\t\t\t\t<\/div>\n\t\t\t\t<div data-ha-element-link=\"{&quot;url&quot;:&quot;#RECENSIONE&quot;,&quot;is_external&quot;:&quot;&quot;,&quot;nofollow&quot;:&quot;&quot;}\" style=\"cursor: pointer\" class=\"elementor-element elementor-element-0a1d0a7 elementor-widget elementor-widget-heading\" data-id=\"0a1d0a7\" data-element_type=\"widget\" data-e-type=\"widget\" data-widget_type=\"heading.default\">\n\t\t\t\t<div class=\"elementor-widget-container\">\n\t\t\t\t\t<h2 class=\"elementor-heading-title elementor-size-default\"><a href=\"#RECENSIONE\">Lascia qui la tua recensione !<\/a><\/h2>\t\t\t\t<\/div>\n\t\t\t\t<\/div>\n\t\t\t\t<div class=\"elementor-element elementor-element-0f4dd57 elementor-widget elementor-widget-shortcode\" data-id=\"0f4dd57\" data-element_type=\"widget\" data-e-type=\"widget\" data-widget_type=\"shortcode.default\">\n\t\t\t\t<div class=\"elementor-widget-container\">\n\t\t\t\t\t\t\t<div class=\"elementor-shortcode\"><div class=\"shortcode-site-reviews-form\"><div class=\"glsr glsr-default\" id=\"glsr_lpyp41th\" data-from=\"shortcode\" data-shortcode=\"site_reviews_form\"><div class=\"glsr-form-wrap\">\n    <form class=\"glsr-form glsr-review-form\" method=\"post\" enctype=\"multipart\/form-data\">\n        <input type=\"hidden\" name=\"site-reviews[_action]\" value=\"submit-review\" \/>\n<input type=\"hidden\" name=\"site-reviews[_nonce]\" value=\"6f602e518c\" \/>\n<input type=\"hidden\" name=\"site-reviews[_post_id]\" value=\"11432\" \/>\n<input type=\"hidden\" name=\"site-reviews[_referer]\" value=\"\" \/>\n<input type=\"hidden\" name=\"site-reviews[assigned_posts]\" value=\"\" \/>\n<input type=\"hidden\" name=\"site-reviews[assigned_terms]\" value=\"\" \/>\n<input type=\"hidden\" name=\"site-reviews[assigned_users]\" value=\"\" \/>\n<input type=\"hidden\" name=\"site-reviews[excluded]\" value=\"\" \/>\n<input type=\"hidden\" name=\"site-reviews[form_id]\" value=\"glsr_lpyp41th\" \/>\n<input type=\"hidden\" name=\"site-reviews[form_signature]\" value=\"P8cMMXQsmPp5gZ-glFeco8ylExlRvPew9_J0dT2BF1Y1qgbfpEUezvBTOaoYV7FJu4f4PaGMG3f-g-KfQrqdB3q5hzjDcYDRhfq3EpBsPe3yl9bmPad6Wo66K1MLIFrpOVtWVDilQM7yMDq3oP_lP5ZqL19K0Nvz7R2Mt3p8sJkxu_9-gVaYWAIT5GEO4QE6HE7NoNG_Q-YUxmo1SR7fFw8CicbKinr8yfj_XXc_25VBh5b7Z3xgcTMYw19BC7-EA_YkX1hkh_mlJj6wYTGCQ6sjNAdEls_R580wPMICzmKzru0kw3mptfN3Oblo00RTPmv_oIkeLc9zFlKPj_X0imTJzlV5gx3deWBZg5acH3R-fTsn26L2gc0Em3fCDBeIliwdjTwC0olmddB8MfzA35kSRCOBBbieeQOdnE7ZmIirNqJP-DgXoN2cREc4\" \/>\n<input type=\"hidden\" name=\"site-reviews[terms_exist]\" value=\"1\" \/>\n<div class=\"glsr-field\" style=\"display:none;\"><label for=\"site-reviews-30d8aa25-glsr_lpyp41th\">La tua recensione<\/label><input type=\"text\" class=\"glsr-input glsr-input-text\" id=\"site-reviews-30d8aa25-glsr_lpyp41th\" name=\"site-reviews[30d8aa25]\" value=\"\" \/><\/div>\n<div class=\"glsr-field glsr-field-rating\" data-field=\"rating\" data-type=\"rating\">\n    <label class=\"glsr-label\" for=\"glsr_lpyp41th-rating\">\n    <span>Dai un punteggio<\/span>\n<\/label>\n    <select class=\"browser-default disable-select glsr-select no-wrap no_wrap\" id=\"glsr_lpyp41th-rating\" name=\"site-reviews[rating]\"><option value=\"\">Scegli un punteggio <\/option><option value=\"5\">5 Stars<\/option><option value=\"4\">4 Stars<\/option><option value=\"3\">3 Stars<\/option><option value=\"2\">2 Stars<\/option><option value=\"1\">1 Star<\/option><\/select>\n    <div class=\"glsr-field-error\"><\/div>\n<\/div>\n<div class=\"glsr-field glsr-field-text glsr-required\" data-field=\"title\" data-type=\"text\">\n    <label class=\"glsr-label\" for=\"glsr_lpyp41th-title\">\n    <span>Titolo<\/span>\n<\/label>\n    <input type=\"text\" class=\"glsr-input glsr-input-text\" id=\"glsr_lpyp41th-title\" name=\"site-reviews[title]\" required placeholder=\"dai un titolo alla tua recensione\" value=\"\" \/>\n    <div class=\"glsr-field-error\"><\/div>\n<\/div>\n<div class=\"glsr-field glsr-field-textarea glsr-required\" data-field=\"content\" data-type=\"textarea\">\n    <label class=\"glsr-label\" for=\"glsr_lpyp41th-content\">\n    <span>La tua recensione<\/span>\n<\/label>\n    <textarea class=\"glsr-textarea\" id=\"glsr_lpyp41th-content\" name=\"site-reviews[content]\" required placeholder=\"lascia qui la tua recensione qui\" rows=\"5\"><\/textarea>\n    <div class=\"glsr-field-error\"><\/div>\n<\/div>\n<div class=\"glsr-field glsr-field-text glsr-required\" data-field=\"name\" data-type=\"text\">\n    <label class=\"glsr-label\" for=\"glsr_lpyp41th-name\">\n    <span>Il tuo nome<\/span>\n<\/label>\n    <input type=\"text\" class=\"glsr-input glsr-input-text\" id=\"glsr_lpyp41th-name\" name=\"site-reviews[name]\" required placeholder=\"lascia il tuo nome qui\" value=\"\" \/>\n    <div class=\"glsr-field-error\"><\/div>\n<\/div>\n<div class=\"glsr-field glsr-field-email glsr-required\" data-field=\"email\" data-type=\"email\">\n    <label class=\"glsr-label\" for=\"glsr_lpyp41th-email\">\n    <span>La tua mail<\/span>\n<\/label>\n    <input type=\"email\" class=\"glsr-input glsr-input-email\" id=\"glsr_lpyp41th-email\" name=\"site-reviews[email]\" required placeholder=\"lascia la tua mail qui\" value=\"\" \/>\n    <div class=\"glsr-field-error\"><\/div>\n<\/div>\n<div class=\"glsr-field glsr-field-choice glsr-required\" data-field=\"terms\" data-type=\"toggle\">\n    \n    <div class=\"glsr-field-subgroup\">\n        <span class=\"glsr-field-toggle\">\n    <span>\n        <span class=\"glsr-toggle\"><input type=\"checkbox\" class=\"glsr-input-toggle\" id=\"glsr_lpyp41th-terms-1\" name=\"site-reviews[terms]\" required value=\"1\" \/><span class=\"glsr-toggle-track\"><\/span><\/span>\n    <\/span>\n    <label for=\"glsr_lpyp41th-terms-1\">Questa recensione \u00e8 basata sulla mia esperienza ed \u00e8 una mia sincera opinione.<\/label>\n<\/span>\n    <\/div>\n    <div class=\"glsr-field-error\"><\/div>\n<\/div>\n        <div class=\"glsr-form-message\">\n    \n<\/div>\n        <div data-field=\"submit-button\">\n    <div class=\"wp-block-buttons is-layout-flex\">\n        <div class=\"wp-block-button\">\n            <button type=\"submit\" class=\"glsr-button wp-block-button__link wp-element-button\" aria-busy=\"false\" data-loading=\"Attendere \">INVIA RECENSIONE <\/button>\n        <\/div>\n    <\/div>\n<\/div>\n    <\/form>\n<\/div><\/div><\/div>\n<\/div>\n\t\t\t\t\t\t<\/div>\n\t\t\t\t<\/div>\n\t\t\t\t\t<\/div>\n\t\t<\/div>\n\t\t\t\t\t<\/div>\n\t\t<\/section>\n\t\t\t\t\t<\/div>\n\t\t<\/div>\n\t\t\t\t\t<\/div>\n\t\t<\/section>\n\t\t\t\t<\/div>\n\t\t","protected":false},"excerpt":{"rendered":"<p>Come nasce Travelovermartina L\u2019idea di TraveLoverMartina \u00e8 nata da una passione infinita per i viaggi e dalla voglia di aiutare gli altri a scoprire il mondo senza spendere una fortuna. Dopo anni di ricerca di offerte per viaggi low-cost e di condivisione di consigli con amici e familiari, ho capito che potevo trasformare questa esperienza [&hellip;]<\/p>\n","protected":false},"author":1,"featured_media":0,"parent":0,"menu_order":0,"comment_status":"closed","ping_status":"closed","template":"","meta":{"_monsterinsights_skip_tracking":false,"_monsterinsights_sitenote_active":false,"_monsterinsights_sitenote_note":"","_monsterinsights_sitenote_category":0,"postBodyCss":"","postBodyMargin":[],"postBodyPadding":[],"postBodyBackground":{"backgroundType":"classic","gradient":""},"site-sidebar-layout":"no-sidebar","site-content-layout":"page-builder","ast-site-content-layout":"full-width-container","site-content-style":"default","site-sidebar-style":"default","ast-global-header-display":"","ast-banner-title-visibility":"","ast-main-header-display":"","ast-hfb-above-header-display":"","ast-hfb-below-header-display":"","ast-hfb-mobile-header-display":"","site-post-title":"disabled","ast-breadcrumbs-content":"","ast-featured-img":"disabled","footer-sml-layout":"","ast-disable-related-posts":"","theme-transparent-header-meta":"","adv-header-id-meta":"","stick-header-meta":"","header-above-stick-meta":"","header-main-stick-meta":"","header-below-stick-meta":"","astra-migrate-meta-layouts":"set","ast-page-background-enabled":"default","ast-page-background-meta":{"desktop":{"background-color":"","background-image":"","background-repeat":"repeat","background-position":"center center","background-size":"auto","background-attachment":"scroll","background-type":"","background-media":"","overlay-type":"","overlay-color":"","overlay-opacity":"","overlay-gradient":""},"tablet":{"background-color":"","background-image":"","background-repeat":"repeat","background-position":"center center","background-size":"auto","background-attachment":"scroll","background-type":"","background-media":"","overlay-type":"","overlay-color":"","overlay-opacity":"","overlay-gradient":""},"mobile":{"background-color":"","background-image":"","background-repeat":"repeat","background-position":"center center","background-size":"auto","background-attachment":"scroll","background-type":"","background-media":"","overlay-type":"","overlay-color":"","overlay-opacity":"","overlay-gradient":""}},"ast-content-background-meta":{"desktop":{"background-color":"var(--ast-global-color-5)","background-image":"","background-repeat":"repeat","background-position":"center center","background-size":"auto","background-attachment":"scroll","background-type":"","background-media":"","overlay-type":"","overlay-color":"","overlay-opacity":"","overlay-gradient":""},"tablet":{"background-color":"var(--ast-global-color-5)","background-image":"","background-repeat":"repeat","background-position":"center center","background-size":"auto","background-attachment":"scroll","background-type":"","background-media":"","overlay-type":"","overlay-color":"","overlay-opacity":"","overlay-gradient":""},"mobile":{"background-color":"var(--ast-global-color-5)","background-image":"","background-repeat":"repeat","background-position":"center center","background-size":"auto","background-attachment":"scroll","background-type":"","background-media":"","overlay-type":"","overlay-color":"","overlay-opacity":"","overlay-gradient":""}},"_glsr_average":0,"_glsr_ranking":0,"_glsr_reviews":0,"footnotes":""},"class_list":["post-11432","page","type-page","status-publish","hentry"],"aioseo_notices":[],"_links":{"self":[{"href":"https:\/\/travelovermartina.com\/it\/wp-json\/wp\/v2\/pages\/11432","targetHints":{"allow":["GET"]}}],"collection":[{"href":"https:\/\/travelovermartina.com\/it\/wp-json\/wp\/v2\/pages"}],"about":[{"href":"https:\/\/travelovermartina.com\/it\/wp-json\/wp\/v2\/types\/page"}],"author":[{"embeddable":true,"href":"https:\/\/travelovermartina.com\/it\/wp-json\/wp\/v2\/users\/1"}],"replies":[{"embeddable":true,"href":"https:\/\/travelovermartina.com\/it\/wp-json\/wp\/v2\/comments?post=11432"}],"version-history":[{"count":31,"href":"https:\/\/travelovermartina.com\/it\/wp-json\/wp\/v2\/pages\/11432\/revisions"}],"predecessor-version":[{"id":12276,"href":"https:\/\/travelovermartina.com\/it\/wp-json\/wp\/v2\/pages\/11432\/revisions\/12276"}],"wp:attachment":[{"href":"https:\/\/travelovermartina.com\/it\/wp-json\/wp\/v2\/media?parent=11432"}],"curies":[{"name":"wp","href":"https:\/\/api.w.org\/{rel}","templated":true}]}}