{"id":321,"date":"2021-04-08T22:54:40","date_gmt":"2021-04-08T22:54:40","guid":{"rendered":"https:\/\/gyotravel.com\/?page_id=321"},"modified":"2026-02-25T13:55:53","modified_gmt":"2026-02-25T13:55:53","slug":"consulenze","status":"publish","type":"page","link":"https:\/\/travelovermartina.com\/it\/consulenze\/","title":{"rendered":"Consuelenze"},"content":{"rendered":"\t\t<div data-elementor-type=\"wp-page\" data-elementor-id=\"321\" class=\"elementor elementor-321\" data-elementor-settings=\"{&quot;ha_cmc_init_switcher&quot;:&quot;no&quot;}\">\n\t\t\t\t\t\t<section class=\"elementor-section elementor-top-section elementor-element elementor-element-23cdac2 elementor-section-boxed elementor-section-height-default elementor-section-height-default\" data-id=\"23cdac2\" data-element_type=\"section\" data-e-type=\"section\" data-settings=\"{&quot;_ha_eqh_enable&quot;:false}\">\n\t\t\t\t\t\t<div class=\"elementor-container elementor-column-gap-default\">\n\t\t\t\t\t<div class=\"elementor-column elementor-col-100 elementor-top-column elementor-element elementor-element-fc7ff93\" data-id=\"fc7ff93\" data-element_type=\"column\" data-e-type=\"column\">\n\t\t\t<div class=\"elementor-widget-wrap elementor-element-populated\">\n\t\t\t\t\t\t<div class=\"elementor-element elementor-element-d51a3aa elementor-widget elementor-widget-heading\" data-id=\"d51a3aa\" data-element_type=\"widget\" data-e-type=\"widget\" data-widget_type=\"heading.default\">\n\t\t\t\t<div class=\"elementor-widget-container\">\n\t\t\t\t\t<h2 class=\"elementor-heading-title elementor-size-default\">Consulenze di viaggio <\/h2>\t\t\t\t<\/div>\n\t\t\t\t<\/div>\n\t\t\t\t<div class=\"elementor-element elementor-element-37a3960 elementor-widget elementor-widget-text-editor\" data-id=\"37a3960\" data-element_type=\"widget\" data-e-type=\"widget\" data-widget_type=\"text-editor.default\">\n\t\t\t\t<div class=\"elementor-widget-container\">\n\t\t\t\t\t\t\t\t\t<p data-start=\"613\" data-end=\"731\">Organizzare un viaggio in autonomia \u00e8 possibile grazie agli strumenti e ai contenuti che trovi su Travelovermartina.<br \/>A volte per\u00f2 pu\u00f2 essere utile un confronto: per chiarire un dubbio, valutare una proposta o farsi aiutare nella scelta migliore in base alle proprie esigenze.<br \/>Per questo ho creato alcune <strong data-start=\"921\" data-end=\"946\">consulenze di viaggio<\/strong>, pensate per situazioni diverse: da un supporto rapido fino a una pianificazione pi\u00f9 completa.<br \/>Puoi scegliere l\u2019opzione pi\u00f9 adatta a te, in base al tipo di viaggio che stai organizzando e al livello di aiuto di cui hai bisogno.<\/p><p><!-- \/wp:paragraph --><!-- wp:paragraph --><\/p>\t\t\t\t\t\t\t\t<\/div>\n\t\t\t\t<\/div>\n\t\t\t\t<section class=\"elementor-section elementor-inner-section elementor-element elementor-element-41c3165 elementor-section-boxed elementor-section-height-default elementor-section-height-default\" data-id=\"41c3165\" data-element_type=\"section\" data-e-type=\"section\" data-settings=\"{&quot;_ha_eqh_enable&quot;:false}\">\n\t\t\t\t\t\t<div class=\"elementor-container elementor-column-gap-default\">\n\t\t\t\t\t<div class=\"elementor-column elementor-col-33 elementor-inner-column elementor-element elementor-element-65fb1c2\" data-id=\"65fb1c2\" data-element_type=\"column\" data-e-type=\"column\">\n\t\t\t<div class=\"elementor-widget-wrap elementor-element-populated\">\n\t\t\t\t\t\t<div data-ha-element-link=\"{&quot;url&quot;:&quot;https:\\\/\\\/buy.stripe.com\\\/cNibJ0evW93NbRCaxD3oA04&quot;,&quot;is_external&quot;:&quot;&quot;,&quot;nofollow&quot;:&quot;&quot;}\" style=\"cursor: pointer\" class=\"elementor-element elementor-element-0101db9 elementor-widget elementor-widget-ha-pricing-table happy-addon ha-pricing-table\" data-id=\"0101db9\" data-element_type=\"widget\" data-e-type=\"widget\" data-widget_type=\"ha-pricing-table.default\">\n\t\t\t\t<div class=\"elementor-widget-container\">\n\t\t\t\t\t\n\t\t\n\t\t<div class=\"ha-pricing-table-header\">\n\t\t\t\t\t\t\t<h2 class=\"ha-pricing-table-title\">Mini consulenza<\/h2>\t\t\t\t\t<\/div>\n\t\t<div class=\"ha-pricing-table-price\">\n\t\t\t<div class=\"ha-pricing-table-price-tag\"><span class=\"ha-pricing-table-currency\">&#128;<\/span><span class=\"ha-pricing-table-price-text\">5<\/span><\/div>\n\t\t\t\t\t\t\t<div class=\"ha-pricing-table-period\">Per chi ha bisogno di un parere rapido con una proposta<\/div>\n\t\t\t\t\t<\/div>\n\t\t<div class=\"ha-pricing-table-body\">\n\t\t\t\t\t\t\t<h4 class=\"ha-pricing-table-features-title\">Include<\/h4>\t\t\t\n\t\t\t\t\t\t\t<ul class=\"ha-pricing-table-features-list\">\n\t\t\t\t\t\t\t\t\t\t\t<li class=\"elementor-repeater-item-4f455cd\">\n\t\t\t\t\t\t\t<i class=\"far fa-circle\"><\/i>\t\t\t\t\t\t\t<div class=\"ha-pricing-table-feature-text\">breve confronto via email o whatsapp\ncon valutazione della tua richiesta\n\n\n<\/div>\n\t\t\t\t\t\t<\/li>\n\t\t\t\t\t\t\t\t\t\t\t<li class=\"elementor-repeater-item-d1b7daf\">\n\t\t\t\t\t\t\t<i class=\"far fa-circle\"><\/i>\t\t\t\t\t\t\t<div class=\"ha-pricing-table-feature-text\">proposta di viaggio (volo + alloggio o soluzione alternativa)<\/div>\n\t\t\t\t\t\t<\/li>\n\t\t\t\t\t\t\t\t\t\t\t<li class=\"elementor-repeater-item-4735407\">\n\t\t\t\t\t\t\t<i class=\"far fa-circle\"><\/i>\t\t\t\t\t\t\t<div class=\"ha-pricing-table-feature-text\">consigli pratici per procedere in autonomia<\/div>\n\t\t\t\t\t\t<\/li>\n\t\t\t\t\t\t\t\t\t\t\t<li class=\"elementor-repeater-item-57d38e2\">\n\t\t\t\t\t\t\t<i class=\"fas fa-check\"><\/i>\t\t\t\t\t\t\t<div class=\"ha-pricing-table-feature-text\">Ideale se hai gi\u00e0 un\u2019idea e vuoi una conferma o una proposta semplice.<\/div>\n\t\t\t\t\t\t<\/li>\n\t\t\t\t\t\t\t\t\t<\/ul>\n\t\t\t\t\t<\/div>\n\n\t\t\t\t\t<a class=\"ha-pricing-table-btn\" href=\"https:\/\/buy.stripe.com\/cNibJ0evW93NbRCaxD3oA04\">Acquista <\/a>\n\t\t\n\t\t\t\t\t\t<\/div>\n\t\t\t\t<\/div>\n\t\t\t\t\t<\/div>\n\t\t<\/div>\n\t\t\t\t<div class=\"elementor-column elementor-col-33 elementor-inner-column elementor-element elementor-element-919c2f7\" data-id=\"919c2f7\" data-element_type=\"column\" data-e-type=\"column\">\n\t\t\t<div class=\"elementor-widget-wrap elementor-element-populated\">\n\t\t\t\t\t\t<div data-ha-element-link=\"{&quot;url&quot;:&quot;https:\\\/\\\/buy.stripe.com\\\/bJeaEW3Rigwf1cY49f3oA03&quot;,&quot;is_external&quot;:&quot;&quot;,&quot;nofollow&quot;:&quot;&quot;}\" style=\"cursor: pointer\" class=\"elementor-element elementor-element-5c896cc elementor-widget elementor-widget-ha-pricing-table happy-addon ha-pricing-table\" data-id=\"5c896cc\" data-element_type=\"widget\" data-e-type=\"widget\" data-widget_type=\"ha-pricing-table.default\">\n\t\t\t\t<div class=\"elementor-widget-container\">\n\t\t\t\t\t\n\t\t\n\t\t<div class=\"ha-pricing-table-header\">\n\t\t\t\t\t\t\t<h2 class=\"ha-pricing-table-title\">Consulenza viaggio<\/h2>\t\t\t\t\t<\/div>\n\t\t<div class=\"ha-pricing-table-price\">\n\t\t\t<div class=\"ha-pricing-table-price-tag\"><span class=\"ha-pricing-table-currency\">&#128;<\/span><span class=\"ha-pricing-table-price-text\">25<\/span><\/div>\n\t\t\t\t\t\t\t<div class=\"ha-pricing-table-period\">Per viaggi pi\u00f9 lunghi o a lungo raggio<\/div>\n\t\t\t\t\t<\/div>\n\t\t<div class=\"ha-pricing-table-body\">\n\t\t\t\t\t\t\t<h4 class=\"ha-pricing-table-features-title\">Include<\/h4>\t\t\t\n\t\t\t\t\t\t\t<ul class=\"ha-pricing-table-features-list\">\n\t\t\t\t\t\t\t\t\t\t\t<li class=\"elementor-repeater-item-4f455cd\">\n\t\t\t\t\t\t\t<i class=\"far fa-circle\"><\/i>\t\t\t\t\t\t\t<div class=\"ha-pricing-table-feature-text\">analisi delle tue esigenze (destinazione, periodo, budget)\n\n<\/div>\n\t\t\t\t\t\t<\/li>\n\t\t\t\t\t\t\t\t\t\t\t<li class=\"elementor-repeater-item-d1b7daf\">\n\t\t\t\t\t\t\t<i class=\"far fa-circle\"><\/i>\t\t\t\t\t\t\t<div class=\"ha-pricing-table-feature-text\">proposte di viaggio personalizzate<\/div>\n\t\t\t\t\t\t<\/li>\n\t\t\t\t\t\t\t\t\t\t\t<li class=\"elementor-repeater-item-4735407\">\n\t\t\t\t\t\t\t<i class=\"far fa-circle\"><\/i>\t\t\t\t\t\t\t<div class=\"ha-pricing-table-feature-text\">indicazioni pratiche per la prenotazione con supporto<\/div>\n\t\t\t\t\t\t<\/li>\n\t\t\t\t\t\t\t\t\t\t\t<li class=\"elementor-repeater-item-57d38e2\">\n\t\t\t\t\t\t\t<i class=\"fas fa-check\"><\/i>\t\t\t\t\t\t\t<div class=\"ha-pricing-table-feature-text\">Ideale per viaggi intercontinentali, tour pi\u00f9 lunghi o viaggi con pi\u00f9 variabili.<\/div>\n\t\t\t\t\t\t<\/li>\n\t\t\t\t\t\t\t\t\t<\/ul>\n\t\t\t\t\t<\/div>\n\n\t\t\t\t\t<a class=\"ha-pricing-table-btn\" href=\"https:\/\/buy.stripe.com\/bJeaEW3Rigwf1cY49f3oA03\">acquista<\/a>\n\t\t\n\t\t\t\t\t\t<\/div>\n\t\t\t\t<\/div>\n\t\t\t\t\t<\/div>\n\t\t<\/div>\n\t\t\t\t<div class=\"elementor-column elementor-col-33 elementor-inner-column elementor-element elementor-element-33bc736\" data-id=\"33bc736\" data-element_type=\"column\" data-e-type=\"column\">\n\t\t\t<div class=\"elementor-widget-wrap elementor-element-populated\">\n\t\t\t\t\t\t<div data-ha-element-link=\"{&quot;url&quot;:&quot;https:\\\/\\\/buy.stripe.com\\\/00wbJ0cnO7ZJ4pafRX3oA05&quot;,&quot;is_external&quot;:&quot;&quot;,&quot;nofollow&quot;:&quot;&quot;}\" style=\"cursor: pointer\" class=\"elementor-element elementor-element-d0add80 elementor-widget elementor-widget-ha-pricing-table happy-addon ha-pricing-table\" data-id=\"d0add80\" data-element_type=\"widget\" data-e-type=\"widget\" data-widget_type=\"ha-pricing-table.default\">\n\t\t\t\t<div class=\"elementor-widget-container\">\n\t\t\t\t\t\n\t\t\n\t\t<div class=\"ha-pricing-table-header\">\n\t\t\t\t\t\t\t<h2 class=\"ha-pricing-table-title\">Consulenza + itinerario<\/h2>\t\t\t\t\t<\/div>\n\t\t<div class=\"ha-pricing-table-price\">\n\t\t\t<div class=\"ha-pricing-table-price-tag\"><span class=\"ha-pricing-table-currency\">&#128;<\/span><span class=\"ha-pricing-table-price-text\">45<\/span><\/div>\n\t\t\t\t\t\t\t<div class=\"ha-pricing-table-period\">Per chi vuole un viaggio strutturato con attivit\u00e0<\/div>\n\t\t\t\t\t<\/div>\n\t\t<div class=\"ha-pricing-table-body\">\n\t\t\t\t\t\t\t<h4 class=\"ha-pricing-table-features-title\">Include<\/h4>\t\t\t\n\t\t\t\t\t\t\t<ul class=\"ha-pricing-table-features-list\">\n\t\t\t\t\t\t\t\t\t\t\t<li class=\"elementor-repeater-item-4f455cd\">\n\t\t\t\t\t\t\t<i class=\"far fa-circle\"><\/i>\t\t\t\t\t\t\t<div class=\"ha-pricing-table-feature-text\">Consulenza completa con analisi delle tue esigenze\n\n<\/div>\n\t\t\t\t\t\t<\/li>\n\t\t\t\t\t\t\t\t\t\t\t<li class=\"elementor-repeater-item-d1b7daf\">\n\t\t\t\t\t\t\t<i class=\"far fa-circle\"><\/i>\t\t\t\t\t\t\t<div class=\"ha-pricing-table-feature-text\">Proposte di viaggio personalizzate<\/div>\n\t\t\t\t\t\t<\/li>\n\t\t\t\t\t\t\t\t\t\t\t<li class=\"elementor-repeater-item-4735407\">\n\t\t\t\t\t\t\t<i class=\"far fa-circle\"><\/i>\t\t\t\t\t\t\t<div class=\"ha-pricing-table-feature-text\">itinerario di viaggio personalizzato<\/div>\n\t\t\t\t\t\t<\/li>\n\t\t\t\t\t\t\t\t\t\t\t<li class=\"elementor-repeater-item-57d38e2\">\n\t\t\t\t\t\t\t<i class=\"fas fa-check\"><\/i>\t\t\t\t\t\t\t<div class=\"ha-pricing-table-feature-text\">Ideale se vuoi un viaggio ben organizzato senza dover pianificare tutto da sola.<\/div>\n\t\t\t\t\t\t<\/li>\n\t\t\t\t\t\t\t\t\t<\/ul>\n\t\t\t\t\t<\/div>\n\n\t\t\t\t\t<a class=\"ha-pricing-table-btn\" href=\"https:\/\/buy.stripe.com\/00wbJ0cnO7ZJ4pafRX3oA05\">acquista<\/a>\n\t\t\n\t\t\t\t\t\t<\/div>\n\t\t\t\t<\/div>\n\t\t\t\t\t<\/div>\n\t\t<\/div>\n\t\t\t\t\t<\/div>\n\t\t<\/section>\n\t\t\t\t<div class=\"elementor-element elementor-element-cc03635 elementor-widget elementor-widget-spacer\" data-id=\"cc03635\" data-element_type=\"widget\" data-e-type=\"widget\" data-widget_type=\"spacer.default\">\n\t\t\t\t<div class=\"elementor-widget-container\">\n\t\t\t\t\t\t\t<div class=\"elementor-spacer\">\n\t\t\t<div class=\"elementor-spacer-inner\"><\/div>\n\t\t<\/div>\n\t\t\t\t\t\t<\/div>\n\t\t\t\t<\/div>\n\t\t\t\t<div class=\"elementor-element elementor-element-7c679ba elementor-widget elementor-widget-text-editor\" data-id=\"7c679ba\" data-element_type=\"widget\" data-e-type=\"widget\" data-widget_type=\"text-editor.default\">\n\t\t\t\t<div class=\"elementor-widget-container\">\n\t\t\t\t\t\t\t\t\t<p><em>Le consulenze sono pensate come supporto e orientamento.\u00a0<\/em><\/p><p><em>La prenotazione finale avviene sempre in autonomia sui siti ufficiali tranne che su richiesta con il mio personale supporto.<\/em><\/p>\t\t\t\t\t\t\t\t<\/div>\n\t\t\t\t<\/div>\n\t\t\t\t\t<\/div>\n\t\t<\/div>\n\t\t\t\t\t<\/div>\n\t\t<\/section>\n\t\t\t\t<\/div>\n\t\t","protected":false},"excerpt":{"rendered":"<p>Consulenze di viaggio Organizzare un viaggio in autonomia \u00e8 possibile grazie agli strumenti e ai contenuti che trovi su Travelovermartina.A volte per\u00f2 pu\u00f2 essere utile un confronto: per chiarire un dubbio, valutare una proposta o farsi aiutare nella scelta migliore in base alle proprie esigenze.Per questo ho creato alcune consulenze di viaggio, pensate per situazioni [&hellip;]<\/p>\n","protected":false},"author":1,"featured_media":0,"parent":0,"menu_order":0,"comment_status":"closed","ping_status":"closed","template":"","meta":{"_monsterinsights_skip_tracking":false,"_monsterinsights_sitenote_active":false,"_monsterinsights_sitenote_note":"","_monsterinsights_sitenote_category":0,"site-sidebar-layout":"no-sidebar","site-content-layout":"page-builder","ast-site-content-layout":"default","site-content-style":"default","site-sidebar-style":"default","ast-global-header-display":"","ast-banner-title-visibility":"","ast-main-header-display":"","ast-hfb-above-header-display":"","ast-hfb-below-header-display":"","ast-hfb-mobile-header-display":"","site-post-title":"disabled","ast-breadcrumbs-content":"","ast-featured-img":"disabled","footer-sml-layout":"","ast-disable-related-posts":"","theme-transparent-header-meta":"default","adv-header-id-meta":"","stick-header-meta":"","header-above-stick-meta":"","header-main-stick-meta":"","header-below-stick-meta":"","astra-migrate-meta-layouts":"default","ast-page-background-enabled":"default","ast-page-background-meta":{"desktop":{"background-color":"","background-image":"","background-repeat":"repeat","background-position":"center center","background-size":"auto","background-attachment":"scroll","background-type":"","background-media":"","overlay-type":"","overlay-color":"","overlay-opacity":"","overlay-gradient":""},"tablet":{"background-color":"","background-image":"","background-repeat":"repeat","background-position":"center center","background-size":"auto","background-attachment":"scroll","background-type":"","background-media":"","overlay-type":"","overlay-color":"","overlay-opacity":"","overlay-gradient":""},"mobile":{"background-color":"","background-image":"","background-repeat":"repeat","background-position":"center center","background-size":"auto","background-attachment":"scroll","background-type":"","background-media":"","overlay-type":"","overlay-color":"","overlay-opacity":"","overlay-gradient":""}},"ast-content-background-meta":{"desktop":{"background-color":"var(--ast-global-color-5)","background-image":"","background-repeat":"repeat","background-position":"center center","background-size":"auto","background-attachment":"scroll","background-type":"","background-media":"","overlay-type":"","overlay-color":"","overlay-opacity":"","overlay-gradient":""},"tablet":{"background-color":"var(--ast-global-color-5)","background-image":"","background-repeat":"repeat","background-position":"center center","background-size":"auto","background-attachment":"scroll","background-type":"","background-media":"","overlay-type":"","overlay-color":"","overlay-opacity":"","overlay-gradient":""},"mobile":{"background-color":"var(--ast-global-color-5)","background-image":"","background-repeat":"repeat","background-position":"center center","background-size":"auto","background-attachment":"scroll","background-type":"","background-media":"","overlay-type":"","overlay-color":"","overlay-opacity":"","overlay-gradient":""}},"_glsr_average":0,"_glsr_ranking":0,"_glsr_reviews":0,"footnotes":""},"class_list":["post-321","page","type-page","status-publish","hentry"],"aioseo_notices":[],"_links":{"self":[{"href":"https:\/\/travelovermartina.com\/it\/wp-json\/wp\/v2\/pages\/321","targetHints":{"allow":["GET"]}}],"collection":[{"href":"https:\/\/travelovermartina.com\/it\/wp-json\/wp\/v2\/pages"}],"about":[{"href":"https:\/\/travelovermartina.com\/it\/wp-json\/wp\/v2\/types\/page"}],"author":[{"embeddable":true,"href":"https:\/\/travelovermartina.com\/it\/wp-json\/wp\/v2\/users\/1"}],"replies":[{"embeddable":true,"href":"https:\/\/travelovermartina.com\/it\/wp-json\/wp\/v2\/comments?post=321"}],"version-history":[{"count":7,"href":"https:\/\/travelovermartina.com\/it\/wp-json\/wp\/v2\/pages\/321\/revisions"}],"predecessor-version":[{"id":12963,"href":"https:\/\/travelovermartina.com\/it\/wp-json\/wp\/v2\/pages\/321\/revisions\/12963"}],"wp:attachment":[{"href":"https:\/\/travelovermartina.com\/it\/wp-json\/wp\/v2\/media?parent=321"}],"curies":[{"name":"wp","href":"https:\/\/api.w.org\/{rel}","templated":true}]}}