{"id":936,"date":"2021-04-16T13:38:16","date_gmt":"2021-04-16T13:38:16","guid":{"rendered":"https:\/\/gyotravel.com\/?page_id=936"},"modified":"2022-10-18T18:32:18","modified_gmt":"2022-10-18T18:32:18","slug":"anti-spam-policy","status":"publish","type":"page","link":"https:\/\/travelovermartina.com\/it\/anti-spam-policy\/","title":{"rendered":"Politica Anti-Spam"},"content":{"rendered":"\n<p>Di seguito viene descritta la politica anti-spam per il nostro sito Web travelovermartina.com\/it.<\/p>\n\n\n\n<p><strong>Che cos&#8217;\u00e8 lo spam?<\/strong><\/p>\n\n\n\n<p>Lo spam \u00e8 un&#8217;e-mail non richiesta, nota anche come posta indesiderata (ricevuta via e-mail) o UCE (e-mail commerciale non richiesta). Praticamente tutti noi abbiamo aperto la posta in arrivo di un account e-mail e trovato e-mail da un mittente sconosciuto. Inviando e-mail solo a coloro che hanno richiesto di riceverla, noi di travelovermartina.com\/it seguiamo le linee guida e-mail basate sull&#8217;autorizzazione accettate.<\/p>\n\n\n\n<p><strong>Che dire delle leggi contro lo spam?<\/strong><\/p>\n\n\n\n<p>Loro esistono. Tuttavia, come con qualsiasi altro corpus di leggi, gli statuti di ogni singolo Stato sullo spam possono variare e possono variare. Le leggi sullo spam di ogni Stato possono non solo variare, ma anche avere definizioni diverse di email commerciali non richieste. Inoltre, potrebbero esserci varie agenzie federali che tengono traccia dello spam, inclusa la Federal Trade Commission (FTC). A livello federale, il CAN-SPAM Act del 2003 promulga un tentativo di approccio coerente e unificato all&#8217;e-mail commerciale non richiesta. In definitiva, sarebbe difficile far rispettare le violazioni della legge sullo spam su basi coerenti o pervasive, quindi la tua stessa vigilanza \u00e8 la tua migliore prima linea di difesa. Oltre a ci\u00f2, ti proteggiamo assicurandoti che tu abbia il controllo al 100% se riceverai o meno notizie da travelovermartina.com\/it via e-mail inizialmente o in futuro, come dettagliato nella nostra politica &#8220;Nessuna tolleranza&#8221; sotto.<\/p>\n\n\n\n<p><strong>Our No Tolerance Anti-Spam Policy<\/strong><\/p>\n\n\n\n<p>ABBIAMO UNA POLITICA DI NESSUNA TOLLERANZA SPAM. Non inviamo e-mail a meno che qualcuno non abbia compilato un modulo &#8220;opt in&#8221; o un &#8220;modulo web&#8221; che esprime interesse per le nostre informazioni o prodotti e\/o servizi, o altrimenti lo richiede direttamente e in modo proattivo. Le notizie sulle caratteristiche e sui vantaggi dell&#8217;iscrizione vengono diffuse attraverso la pubblicit\u00e0, il marketing di joint venture e il passaparola, quindi stiamo costruendo relazioni solo con persone che desiderano saperne di pi\u00f9 su ci\u00f2 che abbiamo da offrire e si iscrivono volentieri ai nostri contenuti e contattano tramite e-mail. Hai sempre il controllo completo sulla ricezione di comunicazioni e-mail da travelovermartina.com\/it e puoi terminare in qualsiasi momento.<\/p>\n\n\n\n<p>NOTA \u2013 Ogni e-mail generata automaticamente contiene un collegamento obbligatorio per l&#8217;annullamento dell&#8217;iscrizione che non pu\u00f2 essere rimosso. Pertanto, ogni comunicazione generata da travelovermartina.com\/it comporta l&#8217;opzione di &#8220;cancellarsi&#8221; e non ricevere mai un&#8217;altra comunicazione e-mail da travelovermartina.com\/it.<\/p>\n\n\n\n<p><strong>AVVISO DI MODIFICA:\u00a0come con qualsiasi delle nostre pagine di avviso amministrativo e legale, il contenuto di questa pagina pu\u00f2 cambiare e cambier\u00e0 nel tempo. Di conseguenza, questa pagina potrebbe leggere in modo diverso a partire dalla tua prossima visita. Queste modifiche sono necessarie ed eseguite da travelovermartina.com\/it, al fine di proteggere te e il nostro sito web travelovermartina.com\/it. Se questa pagina \u00e8 importante per te, dovresti ricontrollare frequentemente poich\u00e9 nessun altro avviso di contenuto modificato verr\u00e0 fornito prima o dopo l&#8217;entrata in vigore della modifica.<\/strong><\/p>\n\n\n\n<p><strong>AVVISO SUL COPYRIGHT:\u00a0le note legali e le pagine amministrative su questo sito Web, inclusa questa, sono state redatte diligentemente da un avvocato. Noi di <\/strong>travelovermartina.com\/it<strong> abbiamo pagato per concedere in licenza l&#8217;uso di queste note legali e pagine amministrative su<\/strong>travelovermartina.com\/it<strong> per la tua e la nostra protezione. Questo materiale non pu\u00f2 essere utilizzato in alcun modo per nessun motivo e l&#8217;uso non autorizzato \u00e8 controllato tramite Copyscape per rilevare i trasgressori.<\/strong><\/p>\n\n\n\n<p><strong>DOMANDA\/COMMENTI\/CONCERNS:\u00a0Se hai domande sui contenuti di questa pagina, o semplicemente desideri contattarci per qualsiasi altro motivo, puoi farlo seguendo questo link:\u00a0https:\/\/travelovermartina.com\/it<\/strong><\/p>\n","protected":false},"excerpt":{"rendered":"<p>Di seguito viene descritta la politica anti-spam per il nostro sito Web travelovermartina.com\/it. Che cos&#8217;\u00e8 lo spam? Lo spam \u00e8 un&#8217;e-mail non richiesta, nota anche come posta indesiderata (ricevuta via e-mail) o UCE (e-mail commerciale non richiesta). Praticamente tutti noi abbiamo aperto la posta in arrivo di un account e-mail e trovato e-mail da un [&hellip;]<\/p>\n","protected":false},"author":1,"featured_media":0,"parent":0,"menu_order":0,"comment_status":"closed","ping_status":"closed","template":"","meta":{"_monsterinsights_skip_tracking":false,"_monsterinsights_sitenote_active":false,"_monsterinsights_sitenote_note":"","_monsterinsights_sitenote_category":0,"postBodyCss":"","postBodyMargin":[],"postBodyPadding":[],"postBodyBackground":{"backgroundType":"classic","gradient":""},"site-sidebar-layout":"default","site-content-layout":"default","ast-site-content-layout":"default","site-content-style":"default","site-sidebar-style":"default","ast-global-header-display":"","ast-banner-title-visibility":"","ast-main-header-display":"","ast-hfb-above-header-display":"","ast-hfb-below-header-display":"","ast-hfb-mobile-header-display":"","site-post-title":"","ast-breadcrumbs-content":"","ast-featured-img":"","footer-sml-layout":"","ast-disable-related-posts":"","theme-transparent-header-meta":"default","adv-header-id-meta":"","stick-header-meta":"","header-above-stick-meta":"","header-main-stick-meta":"","header-below-stick-meta":"","astra-migrate-meta-layouts":"default","ast-page-background-enabled":"default","ast-page-background-meta":{"desktop":{"background-color":"","background-image":"","background-repeat":"repeat","background-position":"center center","background-size":"auto","background-attachment":"scroll","background-type":"","background-media":"","overlay-type":"","overlay-color":"","overlay-opacity":"","overlay-gradient":""},"tablet":{"background-color":"","background-image":"","background-repeat":"repeat","background-position":"center center","background-size":"auto","background-attachment":"scroll","background-type":"","background-media":"","overlay-type":"","overlay-color":"","overlay-opacity":"","overlay-gradient":""},"mobile":{"background-color":"","background-image":"","background-repeat":"repeat","background-position":"center center","background-size":"auto","background-attachment":"scroll","background-type":"","background-media":"","overlay-type":"","overlay-color":"","overlay-opacity":"","overlay-gradient":""}},"ast-content-background-meta":{"desktop":{"background-color":"var(--ast-global-color-5)","background-image":"","background-repeat":"repeat","background-position":"center center","background-size":"auto","background-attachment":"scroll","background-type":"","background-media":"","overlay-type":"","overlay-color":"","overlay-opacity":"","overlay-gradient":""},"tablet":{"background-color":"var(--ast-global-color-5)","background-image":"","background-repeat":"repeat","background-position":"center center","background-size":"auto","background-attachment":"scroll","background-type":"","background-media":"","overlay-type":"","overlay-color":"","overlay-opacity":"","overlay-gradient":""},"mobile":{"background-color":"var(--ast-global-color-5)","background-image":"","background-repeat":"repeat","background-position":"center center","background-size":"auto","background-attachment":"scroll","background-type":"","background-media":"","overlay-type":"","overlay-color":"","overlay-opacity":"","overlay-gradient":""}},"_glsr_average":0,"_glsr_ranking":0,"_glsr_reviews":0,"footnotes":""},"class_list":["post-936","page","type-page","status-publish","hentry"],"aioseo_notices":[],"_links":{"self":[{"href":"https:\/\/travelovermartina.com\/it\/wp-json\/wp\/v2\/pages\/936","targetHints":{"allow":["GET"]}}],"collection":[{"href":"https:\/\/travelovermartina.com\/it\/wp-json\/wp\/v2\/pages"}],"about":[{"href":"https:\/\/travelovermartina.com\/it\/wp-json\/wp\/v2\/types\/page"}],"author":[{"embeddable":true,"href":"https:\/\/travelovermartina.com\/it\/wp-json\/wp\/v2\/users\/1"}],"replies":[{"embeddable":true,"href":"https:\/\/travelovermartina.com\/it\/wp-json\/wp\/v2\/comments?post=936"}],"version-history":[{"count":0,"href":"https:\/\/travelovermartina.com\/it\/wp-json\/wp\/v2\/pages\/936\/revisions"}],"wp:attachment":[{"href":"https:\/\/travelovermartina.com\/it\/wp-json\/wp\/v2\/media?parent=936"}],"curies":[{"name":"wp","href":"https:\/\/api.w.org\/{rel}","templated":true}]}}