{"id":940,"date":"2021-04-16T13:40:50","date_gmt":"2021-04-16T13:40:50","guid":{"rendered":"https:\/\/gyotravel.com\/?page_id=940"},"modified":"2022-10-18T10:56:34","modified_gmt":"2022-10-18T10:56:34","slug":"copyright-notice","status":"publish","type":"page","link":"https:\/\/travelovermartina.com\/it\/copyright-notice\/","title":{"rendered":"Avviso di copyright"},"content":{"rendered":"\n<p><strong>Quanto segue descrive l&#8217;Avviso sul copyright per il nostro sito Web travelovermartina.com.<\/strong>\/it<\/p>\n\n\n\n<p>L&#8217;intero contenuto del nostro sito web <strong>travelovermartina.com.<\/strong>\/it \u00e8 protetto dalle leggi sulla propriet\u00e0 intellettuale, comprese le leggi internazionali sul diritto d&#8217;autore e sui marchi. I proprietari dei diritti d&#8217;autore e\/o dei marchi sono il nostro sito Web e\/o altri concessori di licenza di terze parti o entit\u00e0 correlate.<\/p>\n\n\n\n<p>Non possiedi i diritti su articoli, libri, ebook, documenti, post di blog, software, applicazioni, componenti aggiuntivi, plug-in, grafica, immagini, foto, video, webinar, registrazioni o altri materiali visualizzati o ascoltati tramite o dal nostro sito Web <strong>travelovermartina.com.<\/strong>\/it o tramite e-mail o tramite contenuto protetto in un sito di appartenenza. La pubblicazione di dati sul nostro sito Web, come un commento sul blog, non cambia questo fatto e non ti d\u00e0 alcun diritto sui dati. Cedi qualsiasi diritto sui tuoi contenuti una volta che diventano parte del nostro sito web.<\/p>\n\n\n\n<p>L&#8217;UTENTE NON PUO&#8217; MODIFICARE, COPIARE, RIPRODURRE, RIPUBBLICARE, CARICARE, PUBBLICARE, TRASMETTERE O DISTRIBUIRE, IN ALCUN MODO, IL MATERIALE SUL NOSTRO SITO WEB, COMPRESI TESTO, GRAFICA, CODICE E\/O SOFTWARE. \u00c8 necessario conservare tutti i diritti d&#8217;autore e altri avvisi di propriet\u00e0 contenuti nel materiale originale su qualsiasi copia del materiale eseguita. L&#8217;utente non pu\u00f2 vendere o modificare il materiale o riprodurre, mostrare, eseguire pubblicamente, distribuire o altrimenti utilizzare il materiale in alcun modo per scopi pubblici o commerciali. \u00c8 vietato l&#8217;uso di materiale a pagamento su qualsiasi altro sito Web o in un ambiente informatico in rete per qualsiasi scopo. Se violi uno qualsiasi dei termini o delle condizioni, il tuo permesso di utilizzare il materiale termina automaticamente e devi immediatamente distruggere tutte le copie che hai fatto del materiale.<\/p>\n\n\n\n<p>Ti viene concessa una licenza non esclusiva, non trasferibile e revocabile per utilizzare il nostro sito Web <strong>travelovermartina.com.<\/strong>\/it solo per motivi privati, personali e non commerciali. \u00c8 possibile stampare e scaricare porzioni di materiale dalle diverse aree del sito Web esclusivamente per uso non commerciale, a condizione che si accetti di non modificare il contenuto dalla sua forma originale. Inoltre, accetti di non modificare o eliminare alcun copyright o avviso di propriet\u00e0. Si noti inoltre che qualsiasi avviso su qualsiasi parte o sul nostro sito Web che vieta la stampa e il download prevale su tutte le dichiarazioni e i controlli precedenti.<\/p>\n\n\n\n<p>In qualit\u00e0 di utente di <strong>travelovermartina.com.<\/strong>\/it, accetti di utilizzare i prodotti e i servizi offerti dal nostro sito Web in modo coerente con tutte le leggi e i regolamenti locali, statali e federali applicabili. Nessun materiale deve essere archiviato o trasmesso che violi o violi i diritti di altri, che sia illegale, osceno, profano, indecente o altrimenti discutibile, minaccioso, diffamatorio o lesivo della privacy o dei diritti pubblicitari.<\/p>\n\n\n\n<p>Il nostro sito Web vieta comportamenti che potrebbero costituire un reato penale, dar luogo a responsabilit\u00e0 civile o violare in altro modo qualsiasi legge. \u00c8 inoltre vietata qualsiasi attivit\u00e0 che limiti o inibisca qualsiasi altro utente <strong>travelovermartina.com.<\/strong>\/it dall&#8217;utilizzo dei servizi del nostro sito Web. A meno che non sia consentito da un accordo scritto, non \u00e8 possibile pubblicare o trasmettere pubblicit\u00e0 o sollecitazioni commerciali sul nostro sito Web.<\/p>\n\n\n\n<p><strong>AVVISO DI MODIFICA:\u00a0come con qualsiasi delle nostre pagine di avviso amministrativo e legale, il contenuto di questa pagina pu\u00f2 cambiare e cambier\u00e0 nel tempo. Di conseguenza, questa pagina potrebbe leggere in modo diverso a partire dalla tua prossima visita. Queste modifiche sono necessarie ed eseguite da <strong>travelovermartina.com.<\/strong>\/it, al fine di proteggere te e il nostro sito web travelovermartina.com.<\/strong>\/it<strong>. Se questa pagina \u00e8 importante per te, dovresti ricontrollare frequentemente poich\u00e9 nessun altro avviso di contenuto modificato verr\u00e0 fornito prima o dopo l&#8217;entrata in vigore della modifica.<\/strong><\/p>\n\n\n\n<p><strong>AVVISO SUL COPYRIGHT:\u00a0le note legali e le pagine amministrative su questo sito Web, inclusa questa, sono state redatte diligentemente da un avvocato. Noi di travelovermartina.com.<\/strong>\/it<strong> abbiamo pagato per concedere in licenza l&#8217;uso di queste note legali e pagine amministrative su travelovermartina.com.<\/strong>\/it<strong> per la tua e la nostra protezione. Questo materiale non pu\u00f2 essere utilizzato in alcun modo per nessun motivo e l&#8217;uso non autorizzato \u00e8 controllato tramite Copyscape per rilevare i trasgressori.<\/strong><\/p>\n\n\n\n<p><strong>DOMANDE\/COMMENTI\/DUBBI: <\/strong>Se hai domande sui contenuti di questa pagina, o semplicemente desideri contattarci per qualsiasi altro motivo, puoi farlo seguendo questo link https:\/\/<strong>travelovermartina.com.<\/strong>\/it<\/p>\n","protected":false},"excerpt":{"rendered":"<p>Quanto segue descrive l&#8217;Avviso sul copyright per il nostro sito Web travelovermartina.com.\/it L&#8217;intero contenuto del nostro sito web travelovermartina.com.\/it \u00e8 protetto dalle leggi sulla propriet\u00e0 intellettuale, comprese le leggi internazionali sul diritto d&#8217;autore e sui marchi. I proprietari dei diritti d&#8217;autore e\/o dei marchi sono il nostro sito Web e\/o altri concessori di licenza di [&hellip;]<\/p>\n","protected":false},"author":1,"featured_media":0,"parent":0,"menu_order":0,"comment_status":"closed","ping_status":"closed","template":"","meta":{"_monsterinsights_skip_tracking":false,"_monsterinsights_sitenote_active":false,"_monsterinsights_sitenote_note":"","_monsterinsights_sitenote_category":0,"postBodyCss":"","postBodyMargin":[],"postBodyPadding":[],"postBodyBackground":{"backgroundType":"classic","gradient":""},"site-sidebar-layout":"default","site-content-layout":"default","ast-site-content-layout":"default","site-content-style":"default","site-sidebar-style":"default","ast-global-header-display":"","ast-banner-title-visibility":"","ast-main-header-display":"","ast-hfb-above-header-display":"","ast-hfb-below-header-display":"","ast-hfb-mobile-header-display":"","site-post-title":"","ast-breadcrumbs-content":"","ast-featured-img":"","footer-sml-layout":"","ast-disable-related-posts":"","theme-transparent-header-meta":"default","adv-header-id-meta":"","stick-header-meta":"","header-above-stick-meta":"","header-main-stick-meta":"","header-below-stick-meta":"","astra-migrate-meta-layouts":"default","ast-page-background-enabled":"default","ast-page-background-meta":{"desktop":{"background-color":"","background-image":"","background-repeat":"repeat","background-position":"center center","background-size":"auto","background-attachment":"scroll","background-type":"","background-media":"","overlay-type":"","overlay-color":"","overlay-opacity":"","overlay-gradient":""},"tablet":{"background-color":"","background-image":"","background-repeat":"repeat","background-position":"center center","background-size":"auto","background-attachment":"scroll","background-type":"","background-media":"","overlay-type":"","overlay-color":"","overlay-opacity":"","overlay-gradient":""},"mobile":{"background-color":"","background-image":"","background-repeat":"repeat","background-position":"center center","background-size":"auto","background-attachment":"scroll","background-type":"","background-media":"","overlay-type":"","overlay-color":"","overlay-opacity":"","overlay-gradient":""}},"ast-content-background-meta":{"desktop":{"background-color":"var(--ast-global-color-5)","background-image":"","background-repeat":"repeat","background-position":"center center","background-size":"auto","background-attachment":"scroll","background-type":"","background-media":"","overlay-type":"","overlay-color":"","overlay-opacity":"","overlay-gradient":""},"tablet":{"background-color":"var(--ast-global-color-5)","background-image":"","background-repeat":"repeat","background-position":"center center","background-size":"auto","background-attachment":"scroll","background-type":"","background-media":"","overlay-type":"","overlay-color":"","overlay-opacity":"","overlay-gradient":""},"mobile":{"background-color":"var(--ast-global-color-5)","background-image":"","background-repeat":"repeat","background-position":"center center","background-size":"auto","background-attachment":"scroll","background-type":"","background-media":"","overlay-type":"","overlay-color":"","overlay-opacity":"","overlay-gradient":""}},"_glsr_average":0,"_glsr_ranking":0,"_glsr_reviews":0,"footnotes":""},"class_list":["post-940","page","type-page","status-publish","hentry"],"aioseo_notices":[],"_links":{"self":[{"href":"https:\/\/travelovermartina.com\/it\/wp-json\/wp\/v2\/pages\/940","targetHints":{"allow":["GET"]}}],"collection":[{"href":"https:\/\/travelovermartina.com\/it\/wp-json\/wp\/v2\/pages"}],"about":[{"href":"https:\/\/travelovermartina.com\/it\/wp-json\/wp\/v2\/types\/page"}],"author":[{"embeddable":true,"href":"https:\/\/travelovermartina.com\/it\/wp-json\/wp\/v2\/users\/1"}],"replies":[{"embeddable":true,"href":"https:\/\/travelovermartina.com\/it\/wp-json\/wp\/v2\/comments?post=940"}],"version-history":[{"count":1,"href":"https:\/\/travelovermartina.com\/it\/wp-json\/wp\/v2\/pages\/940\/revisions"}],"predecessor-version":[{"id":11453,"href":"https:\/\/travelovermartina.com\/it\/wp-json\/wp\/v2\/pages\/940\/revisions\/11453"}],"wp:attachment":[{"href":"https:\/\/travelovermartina.com\/it\/wp-json\/wp\/v2\/media?parent=940"}],"curies":[{"name":"wp","href":"https:\/\/api.w.org\/{rel}","templated":true}]}}