{"id":947,"date":"2021-04-16T13:43:41","date_gmt":"2021-04-16T13:43:41","guid":{"rendered":"https:\/\/gyotravel.com\/?page_id=947"},"modified":"2024-12-23T19:29:09","modified_gmt":"2024-12-23T19:29:09","slug":"social-media-disclaimer","status":"publish","type":"page","link":"https:\/\/travelovermartina.com\/it\/social-media-disclaimer\/","title":{"rendered":"Dichiarazione"},"content":{"rendered":"\n<p><strong>Di seguito viene descritta l&#8217;Informativa sui Social Media per il nostro sito travelovermartina.com\/it.<\/strong><\/p>\n\n\n\n<p><strong>Problema sui social media<\/strong><\/p>\n\n\n\n<p>politica sulla privacy Viviamo in un momento interessante in cui i diritti alla privacy sono difesi insieme a una disponibilit\u00e0 volontaria senza precedenti delle persone a condividere i dettagli della loro vita pi\u00f9 intimi e superflui con il mondo, anche in luoghi come il nostro sito Web <strong>travelovermartina.com\/it <\/strong>. Sebbene apparentemente benigni in superficie, i pericoli della divulgazione pubblica illimitata di informazioni sensibili stanno cominciando a emergere.<\/p>\n\n\n\n<p>I principali social media player sono stati citati in giudizio per uso\/abuso non autorizzato o abusivo di informazioni personali. La mancata protezione e avviso saranno probabilmente fattori focali. Vengono avviate azioni legali per il risarcimento dei danni per le dichiarazioni ritenute responsabili della morte o del suicidio di persone. I blogger che pretendono di operare con una libert\u00e0 di parola illimitata o una maggiore libert\u00e0 offerta ai membri della stampa stanno perdendo le cause civili per diffamazione, calunnia, diffamazione e cos\u00ec via.<\/p>\n\n\n\n<p>Man mano che i social media avanzano rapidamente per consentire una diffusione tecnologicamente pi\u00f9 sofisticata e facile, le ricadute simultanee della rivelazione senza confini stanno aumentando. Pertanto, un approccio sobrio ai vantaggi dei social media, mentre elude i pericoli di una divulgazione imprudente, pu\u00f2 facilitare un&#8217;esperienza online piacevole, senza le conseguenze dell&#8217;eccesso, in contesti come il nostro sito Web <strong>travelovermartina.com\/it <\/strong>.<\/p>\n\n\n\n<p><strong>Presenza\/scopo dei social media<\/strong><\/p>\n\n\n\n<p>Dovresti presumere che i social media siano in uso sul nostro sito web <strong>travelovermartina.com\/it <\/strong> . Un semplice clic di un pulsante per approvare una persona, un prodotto o un servizio sta costruendo un profilo cumulativo su di te, che dovresti sempre presumere possa essere scoperto da altri. Tentando di condividere un sito Web con qualcuno, sia premendo direttamente un pulsante o tramite l&#8217;inoltro di e-mail facilitato su un sito Web, dovresti presumere che ci\u00f2 potrebbe non interrompersi con il destinatario previsto e che ci\u00f2 possa generare informazioni su di te che potrebbero essere viste da un vero e proprio infinito numero di persone. Un simile effetto domino potrebbe iniziare proprio qui sul nostro sito Web <strong>travelovermartina.com\/it <\/strong>.<\/p>\n\n\n\n<p>Qualcosa di semplice come un commento sul blog offre l&#8217;opportunit\u00e0 di reazioni istintive che possono diventare pubbliche e potrebbero non rappresentare veramente una posizione (almeno in termini di forza o gravit\u00e0) che potresti ricoprire dopo un periodo di contemplazione pi\u00f9 ragionata. Dovresti anche notare che la facilit\u00e0 di accesso a un sito tramite le credenziali di accesso di un altro, o l&#8217;uso di un login globale per l&#8217;accesso a pi\u00f9 siti pu\u00f2 accumulare un dossier su di te e sul tuo comportamento online che potrebbe rivelare pi\u00f9 informazioni a parti non intenzionali di te potrebbe realizzare o volere. Alcune o tutte queste funzionalit\u00e0 potrebbero esistere sul nostro sito Web <strong>travelovermartina.com\/it <\/strong>in un momento o nell&#8217;altro.<\/p>\n\n\n\n<p>Questi pochi esempi illustrano alcuni possibili modi in cui i social media possono esistere, sebbene non sia un elenco esaustivo e le nuove tecnologie renderanno questo elenco obsoleto rapidamente. L&#8217;obiettivo \u00e8 quello di realizzare la portata dei social media, la sua presenza diffusa sui siti Web in varie forme (incluso questo sito Web) e sviluppare un approccio responsabile all&#8217;utilizzo degli stessi.<\/p>\n\n\n\n<p><strong>protezione di altri<\/strong><\/p>\n\n\n\n<p>Dovresti riconoscere il fatto che le divulgazioni effettuate in e su piattaforme di social media su questo sito Web e altri sono raramente vincolate solo a te. Le rivelazioni sono comunemente fatte su questioni di gruppo che necessariamente riguardano e hanno un impatto sulle altre persone. Altre divulgazioni riguardano espressamente terze parti, a volte con poca discrezione. Ci\u00f2 che pu\u00f2 sembrare divertente in un momento pu\u00f2 essere tragico in quello successivo. E una sottile rappresaglia &#8220;pubblica&#8221; pu\u00f2 avere ripercussioni a vita.<\/p>\n\n\n\n<p>L&#8217;uso ideale dei social media sul nostro sito Web limiterebbe le tue divulgazioni principalmente a questioni che riguardano te, non altri. In caso di dubbio, \u00e8 meglio peccare dalla parte della non divulgazione. \u00c8 dubbio che la divulgazione sia cos\u00ec significativa da non poter essere compensata dalla precauzione di agire per proteggere il migliore interesse di qualcuno che \u00e8 involontariamente esposto dalla tua decisione di divulgare qualcosa sul nostro sito web <strong>travelovermartina.com\/it <\/strong>(o altro).<\/p>\n\n\n\n<p><strong>Proteggersi<\/strong><\/p>\n\n\n\n<p>Dovresti anche fermarti a considerare gli effetti a lungo termine di una decisione di una frazione di secondo di condividere pubblicamente informazioni private su di te sul nostro sito web <strong>travelovermartina.com\/it <\/strong>. Opinioni, Mi piace, Non mi piace, preferenze e altro possono cambiare. Divulgare apertamente le prospettive che hai oggi, potrebbe entrare in conflitto con le tue visioni in via di sviluppo nel futuro. Tuttavia, il &#8220;nuovo tu&#8221; sar\u00e0 sempre giustapposta alle precedenti dichiarazioni che hai fatto che ora si concretizzano come parte del tuo profilo pubblico. Mentre il contenuto della tua colazione pu\u00f2 avere un impatto limitato a lungo termine, altri dati altrettanto prontamente condivisi possono avere conseguenze che potrebbero plausibilmente influenzare la tua capacit\u00e0 di ottenere un determinato lavoro o ostacolare altre esperienze di vita e ambizioni.<\/p>\n\n\n\n<p>Come per la condivisione di informazioni su altre persone, \u00e8 necessario prestare estrema attenzione prima di rivelare informazioni su di te. In caso di dubbio, \u00e8 probabilmente meglio non farlo. Il guadagno a breve termine, se del caso, potrebbe essere prontamente controbilanciato da conseguenze successive. Infine, dovresti notare che non siamo responsabili della rimozione dei contenuti una volta condivisi e potremmo non essere in grado di farlo.<\/p>\n\n\n\n<p><strong>Restrizioni all&#8217;uso dei dati dei social media<\/strong><\/p>\n\n\n\n<p>L&#8217;utente, in quanto visitatore del nostro sito Web <strong>travelovermartina.com\/it <\/strong>, non \u00e8 autorizzato a &#8220;minare&#8221; i social media o altre piattaforme qui contenute per informazioni personali relative ad altri. Anche quando le persone hanno mostrato dati pubblicamente, non dovresti interpretarli come se avessi la libert\u00e0 di acquisire, riprodurre o riutilizzare tali informazioni. Qualsiasi utilizzo dei social media o delle piattaforme correlate sul nostro sito Web \u00e8 solo per uso interattivo, rilevante solo durante la visita del sito Web.<\/p>\n\n\n\n<p><strong>Precisione dei dati dei social media<\/strong><\/p>\n\n\n\n<p>Poich\u00e9 qualsiasi piattaforma di social media \u00e8 basata su contenuti generati dagli utenti, dovresti considerare questo fatto nel cercare di determinare l&#8217;autenticit\u00e0 di tutto ci\u00f2 che leggi. Non siamo responsabili della verifica dell&#8217;accuratezza dei contenuti generati dagli utenti. Una politica delle migliori pratiche consisterebbe nel considerare tutti questi contenuti come opinioni strettamente, non come fatti.<\/p>\n\n\n\n<p><strong>Potenziali problemi di responsabilit\u00e0<\/strong><\/p>\n\n\n\n<p>Dovresti anche essere consapevole del fatto che le tue parole potrebbero innescare la responsabilit\u00e0 per i danni causati ad altri. Sebbene tu abbia il diritto alla libert\u00e0 di parola, non hai il diritto di danneggiare altre persone. In base ai principi di base del diritto illecito, sei sempre responsabile, personalmente, delle situazioni in cui:<\/p>\n\n\n\n<p>ti \u00e8 stato richiesto di agire, ma non l&#8217;hai fatto (ad es. un &#8220;dovere di diligenza&#8221;)<\/p>\n\n\n\n<p>ti \u00e8 stato richiesto di astenerti dall&#8217;agire, ma non l&#8217;ha fatto (es. \u2013 calunnia, diffamazione, ecc.)<\/p>\n\n\n\n<p>Questi &#8220;peccati di omissione e commissione&#8221; potrebbero causarti problemi, indipendentemente dal fatto che tu affermi di condurre affari sotto le spoglie di una o pi\u00f9 entit\u00e0 commerciali. La condotta illegale e non etica, se eseguita in nome di una societ\u00e0 o LLC, \u00e8 ancora una condotta illegale e non etica. Poich\u00e9 raramente fa parte di un piano aziendale impegnarsi in una condotta illegale e non etica, si sta operando in dubbio in qualsiasi veste ufficiale, ma piuttosto, forse, si fa leva su tale capacit\u00e0 per compiere illeciti personali. Dovresti consultare un avvocato autorizzato se desideri una consulenza legale in merito alla (potenziale) ramificazione della tua situazione o problemi legali derivanti da questo sito Web o da un altro.<\/p>\n\n\n\n<p><strong>AVVISO DI MODIFICA:\u00a0come con qualsiasi delle nostre pagine di avviso amministrativo e legale, il contenuto di questa pagina pu\u00f2 cambiare e cambier\u00e0 nel tempo. Di conseguenza, questa pagina potrebbe leggere in modo diverso a partire dalla tua prossima visita. Queste modifiche sono necessarie ed eseguite da <strong>travelovermartina.com\/it <\/strong><\/strong>,<strong> al fine di proteggere te e il nostro sito web <strong>travelovermartina.com\/it <\/strong>. Se questa pagina \u00e8 importante per te, dovresti ricontrollare frequentemente poich\u00e9 nessun altro avviso di contenuto modificato verr\u00e0 fornito prima o dopo l&#8217;entrata in vigore della modifica.<\/strong><\/p>\n\n\n\n<p><strong>AVVISO SUL COPYRIGHT:\u00a0le note legali e le pagine amministrative su questo sito Web, inclusa questa, sono state redatte diligentemente da un avvocato. Noi ditravelovermartina.com\/it  abbiamo pagato per concedere in licenza l&#8217;uso di queste note legali e pagine amministrative sutravelovermartina.com\/it  per la tua e la nostra protezione. Questo materiale non pu\u00f2 essere utilizzato in alcun modo per nessun motivo e l&#8217;uso non autorizzato \u00e8 controllato tramite Copyscape per rilevare i trasgressori.<\/strong><\/p>\n\n\n\n<p><strong>\u00a0Se hai domande sui contenuti di questa pagina o desideri semplicemente contattarci per qualsiasi altro motivo, puoi farlo seguendo questo link:\u00a0https:\/\/<strong>travelovermartina.com\/it <\/strong><\/strong><\/p>\n","protected":false},"excerpt":{"rendered":"<p>Di seguito viene descritta l&#8217;Informativa sui Social Media per il nostro sito travelovermartina.com\/it. Problema sui social media politica sulla privacy Viviamo in un momento interessante in cui i diritti alla privacy sono difesi insieme a una disponibilit\u00e0 volontaria senza precedenti delle persone a condividere i dettagli della loro vita pi\u00f9 intimi e superflui con il [&hellip;]<\/p>\n","protected":false},"author":1,"featured_media":0,"parent":0,"menu_order":0,"comment_status":"closed","ping_status":"closed","template":"","meta":{"_monsterinsights_skip_tracking":false,"_monsterinsights_sitenote_active":false,"_monsterinsights_sitenote_note":"","_monsterinsights_sitenote_category":0,"postBodyCss":"","postBodyMargin":[],"postBodyPadding":[],"postBodyBackground":{"backgroundType":"classic","gradient":""},"site-sidebar-layout":"default","site-content-layout":"default","ast-site-content-layout":"default","site-content-style":"default","site-sidebar-style":"default","ast-global-header-display":"","ast-banner-title-visibility":"","ast-main-header-display":"","ast-hfb-above-header-display":"","ast-hfb-below-header-display":"","ast-hfb-mobile-header-display":"","site-post-title":"","ast-breadcrumbs-content":"","ast-featured-img":"","footer-sml-layout":"","ast-disable-related-posts":"","theme-transparent-header-meta":"default","adv-header-id-meta":"","stick-header-meta":"","header-above-stick-meta":"","header-main-stick-meta":"","header-below-stick-meta":"","astra-migrate-meta-layouts":"default","ast-page-background-enabled":"default","ast-page-background-meta":{"desktop":{"background-color":"","background-image":"","background-repeat":"repeat","background-position":"center center","background-size":"auto","background-attachment":"scroll","background-type":"","background-media":"","overlay-type":"","overlay-color":"","overlay-opacity":"","overlay-gradient":""},"tablet":{"background-color":"","background-image":"","background-repeat":"repeat","background-position":"center center","background-size":"auto","background-attachment":"scroll","background-type":"","background-media":"","overlay-type":"","overlay-color":"","overlay-opacity":"","overlay-gradient":""},"mobile":{"background-color":"","background-image":"","background-repeat":"repeat","background-position":"center center","background-size":"auto","background-attachment":"scroll","background-type":"","background-media":"","overlay-type":"","overlay-color":"","overlay-opacity":"","overlay-gradient":""}},"ast-content-background-meta":{"desktop":{"background-color":"var(--ast-global-color-5)","background-image":"","background-repeat":"repeat","background-position":"center center","background-size":"auto","background-attachment":"scroll","background-type":"","background-media":"","overlay-type":"","overlay-color":"","overlay-opacity":"","overlay-gradient":""},"tablet":{"background-color":"var(--ast-global-color-5)","background-image":"","background-repeat":"repeat","background-position":"center center","background-size":"auto","background-attachment":"scroll","background-type":"","background-media":"","overlay-type":"","overlay-color":"","overlay-opacity":"","overlay-gradient":""},"mobile":{"background-color":"var(--ast-global-color-5)","background-image":"","background-repeat":"repeat","background-position":"center center","background-size":"auto","background-attachment":"scroll","background-type":"","background-media":"","overlay-type":"","overlay-color":"","overlay-opacity":"","overlay-gradient":""}},"_glsr_average":0,"_glsr_ranking":0,"_glsr_reviews":0,"footnotes":""},"class_list":["post-947","page","type-page","status-publish","hentry"],"aioseo_notices":[],"_links":{"self":[{"href":"https:\/\/travelovermartina.com\/it\/wp-json\/wp\/v2\/pages\/947","targetHints":{"allow":["GET"]}}],"collection":[{"href":"https:\/\/travelovermartina.com\/it\/wp-json\/wp\/v2\/pages"}],"about":[{"href":"https:\/\/travelovermartina.com\/it\/wp-json\/wp\/v2\/types\/page"}],"author":[{"embeddable":true,"href":"https:\/\/travelovermartina.com\/it\/wp-json\/wp\/v2\/users\/1"}],"replies":[{"embeddable":true,"href":"https:\/\/travelovermartina.com\/it\/wp-json\/wp\/v2\/comments?post=947"}],"version-history":[{"count":1,"href":"https:\/\/travelovermartina.com\/it\/wp-json\/wp\/v2\/pages\/947\/revisions"}],"predecessor-version":[{"id":11459,"href":"https:\/\/travelovermartina.com\/it\/wp-json\/wp\/v2\/pages\/947\/revisions\/11459"}],"wp:attachment":[{"href":"https:\/\/travelovermartina.com\/it\/wp-json\/wp\/v2\/media?parent=947"}],"curies":[{"name":"wp","href":"https:\/\/api.w.org\/{rel}","templated":true}]}}